{"id":853,"date":"2020-02-10T16:28:17","date_gmt":"2020-02-10T16:28:17","guid":{"rendered":"https:\/\/zinhoantunes.bway.pt\/o-atelier\/"},"modified":"2020-03-03T11:20:16","modified_gmt":"2020-03-03T11:20:16","slug":"about-us","status":"publish","type":"page","link":"https:\/\/zinhoantunes.pt\/en\/about-us\/","title":{"rendered":"About us"},"content":{"rendered":"\n<p>O atelier Zinho Antunes \u00e9 um Gabinete de Arquitectura nascido na d\u00e9cada de 50, pela m\u00e3o do arquitecto Francisco Zinho Antunes, cujo trabalho \u00e9 ainda hoje refer\u00eancia no meio dos arquitectos portugueses.<\/p>\n\n<p>O Atelier<\/p>\n\n<p>A Zinho Antunes norteia a sua actua\u00e7\u00e3o pelo forte grau de envolvimento com os seus clientes\/projectos e pela capacidade real de materializar os seus sonhos e ambi\u00e7\u00f5es numa obra final isenta.<\/p>\n\n<p>Know-How, Expertise, Criatividade e Inova\u00e7\u00e3o s\u00e3o os pilares de funcionamento da Zinho Antunes e que se encontram imbu\u00eddos nas compet\u00eancias profissionais, respons\u00e1veis pelo desenvolvimento dos trabalhos.<\/p>\n\n<p>Projectos para Habita\u00e7\u00e3o, Com\u00e9rcio, Servi\u00e7os, Turismo e Ind\u00fastria, j\u00e1 realizados e em execu\u00e7\u00e3o, a n\u00edvel nacional e internacional, nomeadamente em \u00c1frica, fazem parte da actua\u00e7\u00e3o da Zinho Antunes.<\/p>\n\n<p>Ao longo do seu percurso foi objecto de diferentes pr\u00e9mios, onde relevamos o de melhor edif\u00edcio de habita\u00e7\u00e3o 2009 \u2013 Sky Restelo, Lisboa.<\/p>\n\n<p>Projectos nas diversas fases: estudo pr\u00e9vio, licenciamento, execu\u00e7\u00e3o e acompanhamento de obra, bem como a realiza\u00e7\u00e3o de diferentes tipos de projectos: obra nova, amplia\u00e7\u00e3o, remodela\u00e7\u00e3o, reabilita\u00e7\u00e3o, etc. s\u00e3o marca do trabalho desenvolvido por este gabinete de arquitectura, ao longo dos cerca de 70 anos de exist\u00eancia.<\/p>\n","protected":false},"excerpt":{"rendered":"<p>O atelier Zinho Antunes \u00e9 um Gabinete de Arquitectura nascido na d\u00e9cada de 50, pela m\u00e3o do arquitecto Francisco Zinho Antunes, cujo trabalho \u00e9 ainda hoje refer\u00eancia no meio dos arquitectos portugueses. O Atelier A Zinho Antunes norteia a sua actua\u00e7\u00e3o pelo forte grau de envolvimento com os seus clientes\/projectos e pela capacidade real de [&hellip;]<\/p>\n","protected":false},"author":1,"featured_media":0,"parent":0,"menu_order":0,"comment_status":"closed","ping_status":"closed","template":"","meta":{"_acf_changed":false,"footnotes":""},"class_list":["post-853","page","type-page","status-publish","hentry"],"acf":[],"_links":{"self":[{"href":"https:\/\/zinhoantunes.pt\/en\/wp-json\/wp\/v2\/pages\/853","targetHints":{"allow":["GET"]}}],"collection":[{"href":"https:\/\/zinhoantunes.pt\/en\/wp-json\/wp\/v2\/pages"}],"about":[{"href":"https:\/\/zinhoantunes.pt\/en\/wp-json\/wp\/v2\/types\/page"}],"author":[{"embeddable":true,"href":"https:\/\/zinhoantunes.pt\/en\/wp-json\/wp\/v2\/users\/1"}],"replies":[{"embeddable":true,"href":"https:\/\/zinhoantunes.pt\/en\/wp-json\/wp\/v2\/comments?post=853"}],"version-history":[{"count":4,"href":"https:\/\/zinhoantunes.pt\/en\/wp-json\/wp\/v2\/pages\/853\/revisions"}],"predecessor-version":[{"id":1471,"href":"https:\/\/zinhoantunes.pt\/en\/wp-json\/wp\/v2\/pages\/853\/revisions\/1471"}],"wp:attachment":[{"href":"https:\/\/zinhoantunes.pt\/en\/wp-json\/wp\/v2\/media?parent=853"}],"curies":[{"name":"wp","href":"https:\/\/api.w.org\/{rel}","templated":true}]}}